{"id":588,"date":"2025-11-18T13:03:23","date_gmt":"2025-11-18T10:03:23","guid":{"rendered":"https:\/\/pinarinvestment.be\/contact\/"},"modified":"2025-12-03T15:08:18","modified_gmt":"2025-12-03T12:08:18","slug":"contact","status":"publish","type":"page","link":"https:\/\/pinarinvestment.be\/fr\/contact\/","title":{"rendered":"Contact"},"content":{"rendered":"\t\t<div data-elementor-type=\"wp-page\" data-elementor-id=\"588\" class=\"elementor elementor-588 elementor-19\" data-elementor-post-type=\"page\">\n\t\t\t\t<div class=\"elementor-element elementor-element-32fb69b e-con-full e-flex e-con e-parent\" data-id=\"32fb69b\" data-element_type=\"container\" data-settings=\"{&quot;background_background&quot;:&quot;classic&quot;}\">\n\t\t\t\t<div class=\"elementor-element elementor-element-26d298d elementor-widget elementor-widget-heading\" data-id=\"26d298d\" data-element_type=\"widget\" data-widget_type=\"heading.default\">\n\t\t\t\t\t<h2 class=\"elementor-heading-title elementor-size-default\">Contact<\/h2>\t\t\t\t<\/div>\n\t\t\t\t<div class=\"elementor-element elementor-element-6dd607b elementor-widget__width-initial elementor-absolute elementor-hidden-tablet elementor-hidden-mobile elementor-widget elementor-widget-image\" data-id=\"6dd607b\" data-element_type=\"widget\" data-settings=\"{&quot;_position&quot;:&quot;absolute&quot;}\" data-widget_type=\"image.default\">\n\t\t\t\t\t\t\t\t\t\t\t\t\t\t\t<img fetchpriority=\"high\" decoding=\"async\" width=\"834\" height=\"834\" src=\"https:\/\/pinarinvestment.be\/wp-content\/uploads\/2025\/11\/Adsiz-tasarim-44.png\" class=\"attachment-full size-full wp-image-551\" alt=\"\" srcset=\"https:\/\/pinarinvestment.be\/wp-content\/uploads\/2025\/11\/Adsiz-tasarim-44.png 834w, https:\/\/pinarinvestment.be\/wp-content\/uploads\/2025\/11\/Adsiz-tasarim-44-300x300.png 300w, https:\/\/pinarinvestment.be\/wp-content\/uploads\/2025\/11\/Adsiz-tasarim-44-150x150.png 150w, https:\/\/pinarinvestment.be\/wp-content\/uploads\/2025\/11\/Adsiz-tasarim-44-768x768.png 768w\" sizes=\"(max-width: 834px) 100vw, 834px\" \/>\t\t\t\t\t\t\t\t\t\t\t\t\t\t\t<\/div>\n\t\t\t\t<\/div>\n\t\t<div class=\"elementor-element elementor-element-596c3cf e-con-full e-flex e-con e-parent\" data-id=\"596c3cf\" data-element_type=\"container\">\n\t\t\t\t<div class=\"elementor-element elementor-element-a0e8b1d elementor-widget elementor-widget-html\" data-id=\"a0e8b1d\" data-element_type=\"widget\" data-widget_type=\"html.default\">\n\t\t\t\t\t<link href=\"https:\/\/fonts.cdnfonts.com\/css\/calibri\" rel=\"stylesheet\">\n\n<section class=\"pi-contact-wrapper\">\n  <div class=\"pi-contact-container\">\n\n    <!-- ====== HERO INTRO ====== -->\n    <div class=\"pi-contact-hero\">\n      <h1>Contactez-nous<\/h1>\n      <p>\n        Pour des acquisitions, des partenariats, des collaborations ou des discussions d\u2019investissement,  \n        notre \u00e9quipe est pr\u00eate \u00e0 vous accompagner.\n      <\/p>\n    <\/div>\n\n    <!-- ====== TWO COLUMN LAYOUT ====== -->\n    <div class=\"pi-contact-grid\">\n\n      <!-- LEFT: CONTACT INFORMATION -->\n      <div class=\"pi-contact-info glass-light\">\n        <h2>Coordonn\u00e9es<\/h2>\n\n        <div class=\"pi-contact-block\">\n          <h4>Adresse<\/h4>\n          <p>Elsenstraat 3,<br>2170 Merksem, Belgique<\/p>\n        <\/div>\n\n        <div class=\"pi-contact-block\">\n          <h4>T\u00e9l\u00e9phone<\/h4>\n          <p>+32 (0)87 7 514 755<\/p>\n        <\/div>\n\n        <div class=\"pi-contact-block\">\n          <h4>Email<\/h4>\n          <p>info@pinarinvestment.be<\/p>\n        <\/div>\n\n        <div class=\"pi-contact-block\">\n          <h4>Demandes professionnelles<\/h4>\n          <p>\n            Pour des opportunit\u00e9s d\u2019investissement, des partenariats ou des acquisitions,<br>\n            notre \u00e9quipe de direction prendra directement contact avec vous.\n          <\/p>\n        <\/div>\n\n      <\/div>\n\n      <!-- RIGHT: CONTACT FORM CARD -->\n      <div class=\"pi-contact-form glass-light\">\n        <h2>Envoyer un message<\/h2>\n\n        <div class=\"pi-form-grid\">\n          <input type=\"text\" placeholder=\"Nom complet\">\n          <input type=\"email\" placeholder=\"Adresse e-mail\">\n        <\/div>\n\n        <input type=\"text\" placeholder=\"Sujet\" class=\"pi-input-full\">\n        <textarea placeholder=\"Votre message\"><\/textarea>\n\n        <button class=\"pi-send-btn\">Envoyer<\/button>\n      <\/div>\n\n    <\/div>\n\n    <!-- ====== OPTIONAL MAP SECTION ====== -->\n    <div class=\"pi-contact-map-section\">\n      <iframe \n        src=\"https:\/\/www.google.com\/maps\/embed?pb=!1m18!1m12!1m3!1d2519.570992945721!2d4.43874!3d51.25268!2m3!1f0!2f0!3f0!3m2!1i1024!2i768!4f13.1!3m3!1m2!1s0x47c3f6fc0dff780d%3A0xf209e851eb0a29ca!2sElsenstraat%203%2C%202170%20Antwerpen!5e0!3m2!1sen!2sbe!4v1706509697083!5m2!1sen!2sbe\"\n        allowfullscreen=\"\"\n        loading=\"lazy\"\n        referrerpolicy=\"no-referrer-when-downgrade\">\n      <\/iframe>\n    <\/div>\n\n  <\/div>\n<\/section>\n\n\n<style>\n\nbody, * {\n  font-family: 'Calibri', sans-serif !important;\n}\n\n\/* WRAPPER *\/\n.pi-contact-wrapper {\n  padding: 7rem 0 5rem;\n  background: #f7f8fa;\n  color: #1e293b;\n}\n\n\/* CONTAINER *\/\n.pi-contact-container {\n  width: min(1120px, 100% - 2.5rem);\n  margin: auto;\n}\n\n\/* HERO INTRO *\/\n.pi-contact-hero {\n  text-align: left;\n  margin-bottom: 3rem;\n}\n\n.pi-contact-hero h1 {\n  font-size: clamp(2rem, 3.2vw, 2.7rem);\n  margin-bottom: .8rem;\n}\n\n.pi-contact-hero p {\n  max-width: 540px;\n  color: #475569;\n  font-size: 1.05rem;\n}\n\n\/* GRID *\/\n.pi-contact-grid {\n  display: grid;\n  grid-template-columns: 1fr 1.2fr;\n  gap: 2.8rem;\n  margin-bottom: 4rem;\n}\n\n\/* LEFT SIDE \u2013 INFO *\/\n.pi-contact-info {\n  padding: 2rem;\n  border-radius: 22px;\n}\n\n.pi-contact-info h2 {\n  font-size: 1.6rem;\n  margin-bottom: 1.2rem;\n}\n\n.pi-contact-block {\n  margin-bottom: 1.4rem;\n}\n\n.pi-contact-block h4 {\n  font-size: 1rem;\n  margin-bottom: .35rem;\n  color: #111827;\n}\n\n.pi-contact-block p {\n  font-size: .96rem;\n  line-height: 1.55;\n  color: #4b5563;\n}\n\n\/* RIGHT SIDE \u2013 FORM *\/\n.pi-contact-form {\n  padding: 2rem;\n  border-radius: 22px;\n}\n\n.pi-contact-form h2 {\n  font-size: 1.45rem;\n  margin-bottom: 1rem;\n}\n\n.pi-contact-form input,\n.pi-contact-form textarea {\n  width: 100%;\n  padding: .85rem 1rem;\n  border-radius: 14px;\n  border: 1px solid #cbd5e1;\n  background: white;\n  font-size: .95rem;\n  color: #1e293b;\n  margin-bottom: 1rem;\n  outline: none;\n  transition: border-color .2s ease;\n}\n\n.pi-contact-form input:focus,\n.pi-contact-form textarea:focus {\n  border-color: #2563eb;\n}\n\n.pi-contact-form textarea {\n  height: 130px;\n  resize: none;\n}\n\n\/* FORM GRID *\/\n.pi-form-grid {\n  display: grid;\n  grid-template-columns: 1fr 1fr;\n  gap: 1rem;\n}\n\n.pi-input-full {\n  grid-column: span 2;\n}\n\n\/* SUBMIT BUTTON *\/\n.pi-send-btn {\n  width: auto;\n  padding: .85rem 1.7rem;\n  border-radius: 999px;\n  background: #111827;\n  color: #f9fafb;\n  font-size: .95rem;\n  border: 1px solid #020617;\n  cursor: pointer;\n  box-shadow: 0 14px 26px rgba(15,23,42,0.15);\n  transition: .25s;\n}\n\n.pi-send-btn:hover {\n  background: #020617;\n  transform: translateY(-2px);\n  box-shadow: 0 24px 36px rgba(15,23,42,0.20);\n}\n\n\/* MAP *\/\n.pi-contact-map-section iframe {\n  width: 100%;\n  height: 320px;\n  border: none;\n  border-radius: 22px;\n  box-shadow: 0 8px 24px rgba(0,0,0,0.08);\n}\n\n\/* GLASS LIGHT EFFECT *\/\n.glass-light {\n  background: rgba(255,255,255,0.6);\n  backdrop-filter: blur(14px);\n  -webkit-backdrop-filter: blur(14px);\n  border: 1px solid rgba(0,0,0,0.08);\n  box-shadow: 0 10px 20px rgba(0,0,0,0.06);\n}\n\n\/* RESPONSIVE *\/\n@media(max-width: 900px){\n  .pi-contact-grid {\n    grid-template-columns: 1fr;\n  }\n}\n\n@media(max-width: 600px){\n  .pi-form-grid {\n    grid-template-columns: 1fr;\n  }\n\n  .pi-input-full {\n    grid-column: span 1;\n  }\n}\n<\/style>\n\t\t\t\t<\/div>\n\t\t\t\t<\/div>\n\t\t\t\t<\/div>\n\t\t","protected":false},"excerpt":{"rendered":"<p>Contact Contactez-nous Pour des acquisitions, des partenariats, des collaborations ou des discussions d\u2019investissement, notre \u00e9quipe est pr\u00eate \u00e0 vous accompagner. Coordonn\u00e9es Adresse Elsenstraat 3,2170 Merksem, Belgique T\u00e9l\u00e9phone +32 (0)87 7 514 755 Email info@pinarinvestment.be Demandes professionnelles Pour des opportunit\u00e9s d\u2019investissement, des partenariats ou des acquisitions, notre \u00e9quipe de direction prendra directement contact avec vous. Envoyer [&hellip;]<\/p>\n","protected":false},"author":1,"featured_media":0,"parent":0,"menu_order":0,"comment_status":"closed","ping_status":"closed","template":"elementor_header_footer","meta":{"footnotes":""},"class_list":["post-588","page","type-page","status-publish","hentry","wpbf-post"],"_links":{"self":[{"href":"https:\/\/pinarinvestment.be\/fr\/wp-json\/wp\/v2\/pages\/588","targetHints":{"allow":["GET"]}}],"collection":[{"href":"https:\/\/pinarinvestment.be\/fr\/wp-json\/wp\/v2\/pages"}],"about":[{"href":"https:\/\/pinarinvestment.be\/fr\/wp-json\/wp\/v2\/types\/page"}],"author":[{"embeddable":true,"href":"https:\/\/pinarinvestment.be\/fr\/wp-json\/wp\/v2\/users\/1"}],"replies":[{"embeddable":true,"href":"https:\/\/pinarinvestment.be\/fr\/wp-json\/wp\/v2\/comments?post=588"}],"version-history":[{"count":3,"href":"https:\/\/pinarinvestment.be\/fr\/wp-json\/wp\/v2\/pages\/588\/revisions"}],"predecessor-version":[{"id":658,"href":"https:\/\/pinarinvestment.be\/fr\/wp-json\/wp\/v2\/pages\/588\/revisions\/658"}],"wp:attachment":[{"href":"https:\/\/pinarinvestment.be\/fr\/wp-json\/wp\/v2\/media?parent=588"}],"curies":[{"name":"wp","href":"https:\/\/api.w.org\/{rel}","templated":true}]}}