{"id":568,"date":"2025-11-18T13:03:16","date_gmt":"2025-11-18T10:03:16","guid":{"rendered":"https:\/\/pinarinvestment.be\/operating-companies\/"},"modified":"2025-12-03T15:22:22","modified_gmt":"2025-12-03T12:22:22","slug":"operating-companies","status":"publish","type":"page","link":"https:\/\/pinarinvestment.be\/fr\/operating-companies\/","title":{"rendered":"Soci\u00e9t\u00e9s op\u00e9rationnelles"},"content":{"rendered":"\t\t<div data-elementor-type=\"wp-page\" data-elementor-id=\"568\" class=\"elementor elementor-568 elementor-17\" data-elementor-post-type=\"page\">\n\t\t\t\t<div class=\"elementor-element elementor-element-b370616 e-con-full e-flex e-con e-parent\" data-id=\"b370616\" data-element_type=\"container\" data-settings=\"{&quot;background_background&quot;:&quot;classic&quot;}\">\n\t\t\t\t<div class=\"elementor-element elementor-element-9cfcc6b elementor-widget elementor-widget-heading\" data-id=\"9cfcc6b\" data-element_type=\"widget\" data-widget_type=\"heading.default\">\n\t\t\t\t\t<h2 class=\"elementor-heading-title elementor-size-default\">Soci\u00e9t\u00e9s d'exploitation\n<\/h2>\t\t\t\t<\/div>\n\t\t\t\t<div class=\"elementor-element elementor-element-94e2dd9 elementor-widget__width-initial elementor-absolute elementor-hidden-tablet elementor-hidden-mobile elementor-widget elementor-widget-image\" data-id=\"94e2dd9\" data-element_type=\"widget\" data-settings=\"{&quot;_position&quot;:&quot;absolute&quot;}\" data-widget_type=\"image.default\">\n\t\t\t\t\t\t\t\t\t\t\t\t\t\t\t<img fetchpriority=\"high\" decoding=\"async\" width=\"834\" height=\"834\" src=\"https:\/\/pinarinvestment.be\/wp-content\/uploads\/2025\/11\/Adsiz-tasarim-44.png\" class=\"attachment-full size-full wp-image-551\" alt=\"\" srcset=\"https:\/\/pinarinvestment.be\/wp-content\/uploads\/2025\/11\/Adsiz-tasarim-44.png 834w, https:\/\/pinarinvestment.be\/wp-content\/uploads\/2025\/11\/Adsiz-tasarim-44-300x300.png 300w, https:\/\/pinarinvestment.be\/wp-content\/uploads\/2025\/11\/Adsiz-tasarim-44-150x150.png 150w, https:\/\/pinarinvestment.be\/wp-content\/uploads\/2025\/11\/Adsiz-tasarim-44-768x768.png 768w\" sizes=\"(max-width: 834px) 100vw, 834px\" \/>\t\t\t\t\t\t\t\t\t\t\t\t\t\t\t<\/div>\n\t\t\t\t<\/div>\n\t\t<div class=\"elementor-element elementor-element-5c29f5b e-con-full e-flex e-con e-parent\" data-id=\"5c29f5b\" data-element_type=\"container\">\n\t\t\t\t<div class=\"elementor-element elementor-element-e79263b elementor-widget elementor-widget-html\" data-id=\"e79263b\" data-element_type=\"widget\" data-widget_type=\"html.default\">\n\t\t\t\t\t<link href=\"https:\/\/fonts.cdnfonts.com\/css\/calibri\" rel=\"stylesheet\">\n\n<section class=\"pi-ops-wrapper\">\n  <div class=\"pi-ops-container\">\n\n    <!-- PAGE INTRO -->\n    <div class=\"pi-ops-header\">\n      <span class=\"pi-ops-kicker\">ENTREPRISES OP\u00c9RATIONNELLES<\/span>\n      <h1>Nos plateformes op\u00e9rationnelles<\/h1>\n      <p class=\"pi-ops-lead\">\n        Pinar Investment poss\u00e8de et g\u00e8re enti\u00e8rement un groupe diversifi\u00e9 d\u2019entreprises op\u00e9rationnelles,\n        chacune active dans des secteurs o\u00f9 les fondamentaux \u00e0 long terme et l\u2019excellence op\u00e9rationnelle s\u2019alignent.\n      <\/p>\n    <\/div>\n\n    <!-- ============ CASEO GROUP ============ -->\n    <div class=\"pi-ops-row\">\n      <div class=\"pi-ops-image\">\n        <img decoding=\"async\" src=\"https:\/\/pinarinvestment.be\/wp-content\/uploads\/2025\/11\/1-5.jpg\" alt=\"Caseo sector\">\n      <\/div>\n\n      <div class=\"pi-ops-info glass\">\n        <img decoding=\"async\" class=\"pi-ops-logo\" src=\"https:\/\/pinarinvestment.be\/wp-content\/uploads\/2025\/11\/Adsiz-tasarim-42-1.png\">\n        <h2>Caseo Group<\/h2>\n\n        <p class=\"pi-ops-sector\">M\u00e9taux \u2022 Distribution industrielle \u2022 Logistique UE<\/p>\n\n        <p class=\"pi-ops-text\">\n          Commerce de gros et distribution de m\u00e9taux et minerais, desservant les march\u00e9s industriels \n          et commerciaux en Belgique et dans l\u2019UE. Caseo garantit des cha\u00eenes d\u2019approvisionnement stables \n          et des partenariats durables dans toute la r\u00e9gion.\n        <\/p>\n\n        <a href=\"https:\/\/caseo.be\/\" target=\"_blank\" class=\"pi-ops-link\">Visiter le site <span>\u2192<\/span><\/a>\n      <\/div>\n    <\/div>\n\n    <!-- ============ METRO INTERNATIONAL TRADING ============ -->\n    <div class=\"pi-ops-row reverse\">\n      <div class=\"pi-ops-image\">\n        <img decoding=\"async\" src=\"https:\/\/pinarinvestment.be\/wp-content\/uploads\/2025\/11\/pinar-investment-img-4-1.jpg\" alt=\"Metro paint sector\">\n      <\/div>\n\n      <div class=\"pi-ops-info glass\">\n        <img decoding=\"async\" class=\"pi-ops-logo\" src=\"https:\/\/pinarinvestment.be\/wp-content\/uploads\/2025\/11\/Yeni-Proje-17-1.png\">\n        <h2>Metro International Trading<\/h2>\n\n        <p class=\"pi-ops-sector\">Peintures & rev\u00eatements \u2022 Retail & DIY \u2022 Distribution B2B<\/p>\n\n        <p class=\"pi-ops-text\">\n          Distributeur de peintures, rev\u00eatements et mat\u00e9riaux DIY via des canaux B2B, \n          des magasins de d\u00e9tail et des plateformes en ligne. Un r\u00e9seau d\u2019approvisionnement \n          construit sur la fiabilit\u00e9 et une performance constante.\n        <\/p>\n\n        <a href=\"https:\/\/www.metro-be.com\/\" target=\"_blank\" class=\"pi-ops-link\">Visiter le site <span>\u2192<\/span><\/a>\n      <\/div>\n    <\/div>\n\n    <!-- ============ GOLD IMMO ============ -->\n    <div class=\"pi-ops-row\">\n      <div class=\"pi-ops-image\">\n        <img decoding=\"async\" src=\"https:\/\/pinarinvestment.be\/wp-content\/uploads\/2025\/11\/3-5.jpg\" alt=\"Gold Immo hotel\">\n      <\/div>\n\n      <div class=\"pi-ops-info glass\">\n        <img decoding=\"async\" class=\"pi-ops-logo\" src=\"https:\/\/pinarinvestment.be\/wp-content\/uploads\/2025\/11\/Adsiz-tasarim-43-1.png\">\n        <h2>Gold Immo<\/h2>\n\n        <p class=\"pi-ops-sector\">H\u00f4tellerie \u2022 S\u00e9jours longue dur\u00e9e \u2022 H\u00e9bergement avec services<\/p>\n\n        <p class=\"pi-ops-text\">\n          Activit\u00e9s h\u00f4teli\u00e8res ax\u00e9es sur les appartements avec services, la gestion h\u00f4teli\u00e8re \n          et les concepts de s\u00e9jour longue dur\u00e9e. Gold Immo allie confort moderne et efficacit\u00e9 op\u00e9rationnelle.\n        <\/p>\n\n        <a href=\"https:\/\/helmethotel.com\/\" target=\"_blank\" class=\"pi-ops-link\">Visiter le site <span>\u2192<\/span><\/a>\n      <\/div>\n    <\/div>\n\n    <!-- ============ FAM INTERNATIONAL ============ -->\n    <div class=\"pi-ops-row reverse\">\n      <div class=\"pi-ops-image\">\n        <img decoding=\"async\" src=\"https:\/\/pinarinvestment.be\/wp-content\/uploads\/2025\/11\/4-3.jpg\" alt=\"FAM chemicals\">\n      <\/div>\n\n      <div class=\"pi-ops-info glass\">\n        <img decoding=\"async\" class=\"pi-ops-logo\" src=\"https:\/\/pinarinvestment.be\/wp-content\/uploads\/2025\/11\/Yeni-Proje-18-1.png\">\n        <h2>FAM International<\/h2>\n\n        <p class=\"pi-ops-sector\">Produits chimiques \u2022 Sels industriels \u2022 Approvisionnement municipal<\/p>\n\n        <p class=\"pi-ops-text\">\n          Importateur et distributeur de produits chimiques et de sels industriels, \n          fournissant des municipalit\u00e9s, partenaires logistiques et clients industriels \u00e0 travers la Belgique.\n        <\/p>\n\n        <a href=\"https:\/\/www.famsalt.be\/\" target=\"_blank\" class=\"pi-ops-link\">Visiter le site <span>\u2192<\/span><\/a>\n      <\/div>\n    <\/div>\n\n  <\/div>\n<\/section>\n\n\n<style>\n\/* \ud83d\udd25 GLOBAL FONT OVERRIDE \u2014 CALIBRI *\/\n.pi-ops-wrapper,\n.pi-ops-wrapper * {\n  font-family: 'Calibri', sans-serif !important;\n}\n\n.pi-ops-wrapper {\n  padding: 6rem 0;\n  background: #f7f9fc;\n  color: #0f172a;\n}\n\n.pi-ops-container {\n  width: min(1100px, 100% - 3rem);\n  margin: auto;\n}\n\n.pi-ops-header {\n  max-width: 650px;\n  margin-bottom: 4rem;\n}\n\n.pi-ops-kicker {\n  text-transform: uppercase;\n  letter-spacing: .17em;\n  font-size: .7rem;\n  color: #6b7280;\n}\n\n.pi-ops-header h1 {\n  font-size: clamp(2rem, 4vw, 2.5rem);\n  margin: .6rem 0 1rem;\n}\n\n.pi-ops-lead {\n  font-size: 1rem;\n  color: #4b5563;\n  line-height: 1.6;\n}\n\n\/* ROW *\/\n.pi-ops-row {\n  display: grid;\n  grid-template-columns: 1.3fr 1fr;\n  gap: 2.5rem;\n  margin-bottom: 4rem;\n  align-items: center;\n}\n\n.pi-ops-row.reverse {\n  grid-template-columns: 1fr 1.3fr;\n}\n\n\/* IMAGE *\/\n.pi-ops-image img {\n  width: 100%;\n  height: 100%;\n  border-radius: 22px;\n  object-fit: cover;\n  box-shadow: 0 20px 40px rgba(0,0,0,0.14);\n}\n\n\/* INFO BOX (GLASS) *\/\n.pi-ops-info {\n  padding: 2rem;\n  border-radius: 22px;\n  background: rgba(255,255,255,0.25);\n  backdrop-filter: blur(22px) saturate(160%);\n  -webkit-backdrop-filter: blur(22px) saturate(160%);\n  border: 1px solid rgba(255,255,255,0.55);\n  box-shadow:\n    inset 0 0 1px rgba(255,255,255,0.8),\n    0 10px 28px rgba(0,0,0,0.07);\n  transition: all .35s ease;\n}\n\n.pi-ops-info:hover {\n  transform: translateY(-5px);\n  background: rgba(255,255,255,0.33);\n}\n\n\/* LOGOS *\/\n.pi-ops-logo {\n  width: 110px;\n  margin-bottom: 1rem;\n}\n\n\/* TEXT *\/\n.pi-ops-info h2 {\n  margin-bottom: .5rem;\n  font-size: 1.5rem;\n}\n\n.pi-ops-sector {\n  font-weight: 600;\n  font-size: .95rem;\n  color: #334155;\n  margin-bottom: .8rem;\n}\n\n.pi-ops-text {\n  color: #475569;\n  margin-bottom: 1.2rem;\n  line-height: 1.6;\n}\n\n\/* LINK *\/\n.pi-ops-link {\n  display: inline-flex;\n  align-items: center;\n  gap: 6px;\n  font-size: .95rem;\n  text-decoration: none;\n  color: #1f2937;\n  font-weight: 600;\n  opacity: .8;\n  transition: .25s ease;\n}\n\n.pi-ops-link span {\n  transition: .25s ease;\n}\n\n.pi-ops-link:hover {\n  opacity: 1;\n}\n\n.pi-ops-link:hover span {\n  transform: translateX(4px);\n}\n\n\/* MOBILE *\/\n@media (max-width: 900px) {\n  .pi-ops-row,\n  .pi-ops-row.reverse {\n    grid-template-columns: 1fr;\n  }\n}\n<\/style>\n\t\t\t\t<\/div>\n\t\t\t\t<\/div>\n\t\t\t\t<\/div>\n\t\t","protected":false},"excerpt":{"rendered":"<p>Soci\u00e9t\u00e9s d&rsquo;exploitation ENTREPRISES OP\u00c9RATIONNELLES Nos plateformes op\u00e9rationnelles Pinar Investment poss\u00e8de et g\u00e8re enti\u00e8rement un groupe diversifi\u00e9 d\u2019entreprises op\u00e9rationnelles, chacune active dans des secteurs o\u00f9 les fondamentaux \u00e0 long terme et l\u2019excellence op\u00e9rationnelle s\u2019alignent. Caseo Group M\u00e9taux \u2022 Distribution industrielle \u2022 Logistique UE Commerce de gros et distribution de m\u00e9taux et minerais, desservant les march\u00e9s industriels [&hellip;]<\/p>\n","protected":false},"author":1,"featured_media":0,"parent":0,"menu_order":0,"comment_status":"closed","ping_status":"closed","template":"elementor_header_footer","meta":{"footnotes":""},"class_list":["post-568","page","type-page","status-publish","hentry","wpbf-post"],"_links":{"self":[{"href":"https:\/\/pinarinvestment.be\/fr\/wp-json\/wp\/v2\/pages\/568","targetHints":{"allow":["GET"]}}],"collection":[{"href":"https:\/\/pinarinvestment.be\/fr\/wp-json\/wp\/v2\/pages"}],"about":[{"href":"https:\/\/pinarinvestment.be\/fr\/wp-json\/wp\/v2\/types\/page"}],"author":[{"embeddable":true,"href":"https:\/\/pinarinvestment.be\/fr\/wp-json\/wp\/v2\/users\/1"}],"replies":[{"embeddable":true,"href":"https:\/\/pinarinvestment.be\/fr\/wp-json\/wp\/v2\/comments?post=568"}],"version-history":[{"count":4,"href":"https:\/\/pinarinvestment.be\/fr\/wp-json\/wp\/v2\/pages\/568\/revisions"}],"predecessor-version":[{"id":704,"href":"https:\/\/pinarinvestment.be\/fr\/wp-json\/wp\/v2\/pages\/568\/revisions\/704"}],"wp:attachment":[{"href":"https:\/\/pinarinvestment.be\/fr\/wp-json\/wp\/v2\/media?parent=568"}],"curies":[{"name":"wp","href":"https:\/\/api.w.org\/{rel}","templated":true}]}}